{"id":530,"date":"2026-01-18T16:49:41","date_gmt":"2026-01-18T16:49:41","guid":{"rendered":"https:\/\/macellule.fr\/?post_type=product&#038;p=530"},"modified":"2026-04-06T08:45:05","modified_gmt":"2026-04-06T08:45:05","slug":"electrolyseur-macellule-fr-jusqua-95m3-mc20g","status":"publish","type":"product","link":"https:\/\/macellule.fr\/index.php\/product\/electrolyseur-macellule-fr-jusqua-95m3-mc20g\/","title":{"rendered":"Electrolyseur MaCellule.fr &#8211; Jusqu&rsquo;\u00e0 95m3 &#8211; MC20G"},"content":{"rendered":"<h2>Electrolyseur MaCellule.fr &#8211; Jusqu&rsquo;\u00e0 95m3 &#8211; MC20G<\/h2>\n<ul class=\"a-unordered-list a-vertical a-spacing-mini\">\n<li class=\"a-spacing-mini\"><span class=\"a-list-item\">D\u00e9sinfection efficace de la piscine : le chlorinateur offre un entretien fiable de l&rsquo;eau pour les bassins jusqu&rsquo;\u00e0 95 000 litres. Il produit jusqu&rsquo;\u00e0 20 grammes de chlore actif par heure \u00e0 partir de sel de piscine standard et garantit ainsi une d\u00e9sinfection constante et automatique \u2013 sans ajout de produits chimiques manuels.<\/span><\/li>\n<li class=\"a-spacing-mini\"><span class=\"a-list-item\">Entretien de la piscine sans chlore : le g\u00e9n\u00e9rateur de chlore est id\u00e9al pour les familles, les enfants et les personnes allergiques. La d\u00e9sinfection \u00e9lectrolytique garantit une eau cristalline sans ajout de produits chimiques. Pas d&rsquo;odeur de chlore, pas de br\u00fblures pour les yeux : au lieu de cela, une eau douce et agr\u00e9able qui est douce sur la peau. Un avantage d\u00e9cisif pour les personnes ayant la peau sensible ou pour tous ceux qui recherchent un entretien durable de la piscine sans impact environnemental.<\/span><\/li>\n<li class=\"a-spacing-mini\"><span class=\"a-list-item\">Contr\u00f4le intelligent : avec l&rsquo;application Smart Life, toutes les fonctions du syst\u00e8me d&rsquo;eau sal\u00e9e peuvent \u00eatre contr\u00f4l\u00e9es facilement depuis votre smartphone via WiFi. Ajustez le taux de production de chlore, la dur\u00e9e, les cycles de nettoyage et plus encore, que ce soit \u00e0 la maison ou en d\u00e9placement. L&rsquo;interface utilisateur est intuitive, multilingue et vous permet de consulter \u00e0 tout moment l&rsquo;\u00e9tat de fonctionnement, la salinit\u00e9 et les perturbations.<\/span><\/li>\n<li class=\"a-spacing-mini\"><span class=\"a-list-item\">Installation facile : l&rsquo;installation se fait rapidement et facilement gr\u00e2ce aux raccords de 1,5&Prime; \u00e0 2,0&Prime; inclus dans la livraison, compatible avec tous les syst\u00e8mes de filtration et de pompe courants. Gr\u00e2ce \u00e0 sa conception compacte, l&rsquo;appareil trouve facilement sa place m\u00eame dans les petits domaines techniques. Le bo\u00eetier est prot\u00e9g\u00e9 contre les projections d&rsquo;eau (IPX5) et donc parfaitement \u00e9quip\u00e9 pour une utilisation en ext\u00e9rieur<\/span><\/li>\n<li class=\"a-spacing-mini\"><span class=\"a-list-item\">Cellule en titane avec auto-nettoyage : une cellule \u00e9lectrolytique en titane avec rev\u00eatement en ruth\u00e9nium fonctionne \u00e0 l&rsquo;int\u00e9rieur du chlorinateur. Gr\u00e2ce \u00e0 l&rsquo;inversion automatique de la polarit\u00e9, la cellule se nettoie ind\u00e9pendamment et pr\u00e9vient efficacement les d\u00e9p\u00f4ts de calcaire. Cela permet d&rsquo;\u00e9conomiser du temps, des co\u00fbts d&rsquo;entretien et augmente consid\u00e9rablement la dur\u00e9e de vie de l&rsquo;installation. En outre, un capteur de d\u00e9bit d&rsquo;eau int\u00e9gr\u00e9 prot\u00e8ge la technique en cas de fonctionnement \u00e0 sec ou de mauvaise utilisation.<\/span><\/li>\n<\/ul>\n","protected":false},"excerpt":{"rendered":"<ul>\n<li><span style=\"font-size: 16px;\">Chlorinateur au sel pour piscine<\/span><\/li>\n<li><span style=\"font-size: 16px;\">Installation facile<\/span><\/li>\n<li><span style=\"font-size: 16px;\">Clavier \u00e9tanche<\/span><\/li>\n<li><span style=\"font-size: 16px;\">Cellule en titane recouverte d&rsquo;oxyde de ruth\u00e9nium<\/span><\/li>\n<li><span style=\"font-size: 16px;\">Dur\u00e9e de vie de la cellules 7000 Heures<\/span><\/li>\n<li><span style=\"font-size: 16px;\">Contr\u00f4le Wi-Fi<\/span><\/li>\n<li><span style=\"font-size: 16px;\">Puissance de sortie r\u00e9glable de 5 % \u00e0 100 %<\/span><\/li>\n<li><span style=\"font-size: 16px;\">Interruption de la production en cas de manque d&rsquo;eau<\/span><\/li>\n<li><span style=\"font-size: 16px;\">Alarme de faible teneur en sel<\/span><\/li>\n<li><span style=\"font-size: 16px;\">Alarme lorsque la temp\u00e9rature de l&rsquo;eau inf\u00e9rieure \u00e0 10 \u2103<\/span><\/li>\n<li><span style=\"font-size: 16px;\">Alarme de tension en cas de trop grand taux de sel<\/span><\/li>\n<li><span style=\"font-size: 16px;\">La cellule en titane peut s&rsquo;auto-nettoyer par inversion de polarit\u00e9<\/span><\/li>\n<\/ul>\n","protected":false},"featured_media":1327,"template":"","meta":{"site-sidebar-layout":"default","site-content-layout":"","ast-site-content-layout":"default","site-content-style":"default","site-sidebar-style":"default","ast-global-header-display":"","ast-banner-title-visibility":"","ast-main-header-display":"","ast-hfb-above-header-display":"","ast-hfb-below-header-display":"","ast-hfb-mobile-header-display":"","site-post-title":"","ast-breadcrumbs-content":"","ast-featured-img":"","footer-sml-layout":"","ast-disable-related-posts":"","theme-transparent-header-meta":"default","adv-header-id-meta":"","stick-header-meta":"","header-above-stick-meta":"","header-main-stick-meta":"","header-below-stick-meta":"","astra-migrate-meta-layouts":"set","ast-page-background-enabled":"default","ast-page-background-meta":{"desktop":{"background-color":"var(--ast-global-color-5)","background-image":"","background-repeat":"repeat","background-position":"center center","background-size":"auto","background-attachment":"scroll","background-type":"","background-media":"","overlay-type":"","overlay-color":"","overlay-opacity":"","overlay-gradient":""},"tablet":{"background-color":"","background-image":"","background-repeat":"repeat","background-position":"center center","background-size":"auto","background-attachment":"scroll","background-type":"","background-media":"","overlay-type":"","overlay-color":"","overlay-opacity":"","overlay-gradient":""},"mobile":{"background-color":"","background-image":"","background-repeat":"repeat","background-position":"center center","background-size":"auto","background-attachment":"scroll","background-type":"","background-media":"","overlay-type":"","overlay-color":"","overlay-opacity":"","overlay-gradient":""}},"ast-content-background-meta":{"desktop":{"background-color":"var(--ast-global-color-4)","background-image":"","background-repeat":"repeat","background-position":"center center","background-size":"auto","background-attachment":"scroll","background-type":"","background-media":"","overlay-type":"","overlay-color":"","overlay-opacity":"","overlay-gradient":""},"tablet":{"background-color":"var(--ast-global-color-4)","background-image":"","background-repeat":"repeat","background-position":"center center","background-size":"auto","background-attachment":"scroll","background-type":"","background-media":"","overlay-type":"","overlay-color":"","overlay-opacity":"","overlay-gradient":""},"mobile":{"background-color":"var(--ast-global-color-4)","background-image":"","background-repeat":"repeat","background-position":"center center","background-size":"auto","background-attachment":"scroll","background-type":"","background-media":"","overlay-type":"","overlay-color":"","overlay-opacity":"","overlay-gradient":""}}},"product_brand":[],"product_cat":[31],"product_tag":[],"class_list":{"0":"post-530","1":"product","2":"type-product","3":"status-publish","4":"has-post-thumbnail","6":"product_cat-electrolyseurs","7":"desktop-align-left","8":"tablet-align-left","9":"mobile-align-left","11":"first","12":"onbackorder","13":"shipping-taxable","14":"purchasable","15":"product-type-simple"},"_links":{"self":[{"href":"https:\/\/macellule.fr\/index.php\/wp-json\/wp\/v2\/product\/530","targetHints":{"allow":["GET"]}}],"collection":[{"href":"https:\/\/macellule.fr\/index.php\/wp-json\/wp\/v2\/product"}],"about":[{"href":"https:\/\/macellule.fr\/index.php\/wp-json\/wp\/v2\/types\/product"}],"wp:featuredmedia":[{"embeddable":true,"href":"https:\/\/macellule.fr\/index.php\/wp-json\/wp\/v2\/media\/1327"}],"wp:attachment":[{"href":"https:\/\/macellule.fr\/index.php\/wp-json\/wp\/v2\/media?parent=530"}],"wp:term":[{"taxonomy":"product_brand","embeddable":true,"href":"https:\/\/macellule.fr\/index.php\/wp-json\/wp\/v2\/product_brand?post=530"},{"taxonomy":"product_cat","embeddable":true,"href":"https:\/\/macellule.fr\/index.php\/wp-json\/wp\/v2\/product_cat?post=530"},{"taxonomy":"product_tag","embeddable":true,"href":"https:\/\/macellule.fr\/index.php\/wp-json\/wp\/v2\/product_tag?post=530"}],"curies":[{"name":"wp","href":"https:\/\/api.w.org\/{rel}","templated":true}]}}