{"id":447,"date":"2026-01-13T20:21:17","date_gmt":"2026-01-13T20:21:17","guid":{"rendered":"https:\/\/macellule.fr\/?post_type=product&#038;p=447"},"modified":"2026-01-14T14:35:18","modified_gmt":"2026-01-14T14:35:18","slug":"changement-plaques-pour-cellule-pool-technologie-racer","status":"publish","type":"product","link":"https:\/\/macellule.fr\/index.php\/product\/changement-plaques-pour-cellule-pool-technologie-racer\/","title":{"rendered":"Changement plaques pour Cellule Pool Technologie Racer"},"content":{"rendered":"<ul>\n<li>\n<div id=\"description\">\n<h2>Changement plaques pour Cellule Pool Technologie Racer<\/h2>\n<ul>\n<li>D\u00e9montage de vos anciennes plaques<\/li>\n<li>Nettoyage de votre cellule<\/li>\n<li>Installation des nouvelles plaques<\/li>\n<li>Pose d&rsquo;une \u00e9tanch\u00e9it\u00e9 r\u00e9sine \u00e9poxy<\/li>\n<\/ul>\n<\/div>\n<\/li>\n<\/ul>\n","protected":false},"excerpt":{"rendered":"<ul>\n<li>D\u00e9montage de vos anciennes plaques<\/li>\n<li>Nettoyage de votre cellule<\/li>\n<li>Installation des nouvelles plaques<\/li>\n<li>Pose d&rsquo;une \u00e9tanch\u00e9it\u00e9 r\u00e9sine \u00e9poxy<\/li>\n<\/ul>\n","protected":false},"featured_media":448,"template":"","meta":{"site-sidebar-layout":"default","site-content-layout":"","ast-site-content-layout":"default","site-content-style":"default","site-sidebar-style":"default","ast-global-header-display":"","ast-banner-title-visibility":"","ast-main-header-display":"","ast-hfb-above-header-display":"","ast-hfb-below-header-display":"","ast-hfb-mobile-header-display":"","site-post-title":"","ast-breadcrumbs-content":"","ast-featured-img":"","footer-sml-layout":"","ast-disable-related-posts":"","theme-transparent-header-meta":"default","adv-header-id-meta":"","stick-header-meta":"","header-above-stick-meta":"","header-main-stick-meta":"","header-below-stick-meta":"","astra-migrate-meta-layouts":"set","ast-page-background-enabled":"default","ast-page-background-meta":{"desktop":{"background-color":"var(--ast-global-color-5)","background-image":"","background-repeat":"repeat","background-position":"center center","background-size":"auto","background-attachment":"scroll","background-type":"","background-media":"","overlay-type":"","overlay-color":"","overlay-opacity":"","overlay-gradient":""},"tablet":{"background-color":"","background-image":"","background-repeat":"repeat","background-position":"center center","background-size":"auto","background-attachment":"scroll","background-type":"","background-media":"","overlay-type":"","overlay-color":"","overlay-opacity":"","overlay-gradient":""},"mobile":{"background-color":"","background-image":"","background-repeat":"repeat","background-position":"center center","background-size":"auto","background-attachment":"scroll","background-type":"","background-media":"","overlay-type":"","overlay-color":"","overlay-opacity":"","overlay-gradient":""}},"ast-content-background-meta":{"desktop":{"background-color":"var(--ast-global-color-4)","background-image":"","background-repeat":"repeat","background-position":"center center","background-size":"auto","background-attachment":"scroll","background-type":"","background-media":"","overlay-type":"","overlay-color":"","overlay-opacity":"","overlay-gradient":""},"tablet":{"background-color":"var(--ast-global-color-4)","background-image":"","background-repeat":"repeat","background-position":"center center","background-size":"auto","background-attachment":"scroll","background-type":"","background-media":"","overlay-type":"","overlay-color":"","overlay-opacity":"","overlay-gradient":""},"mobile":{"background-color":"var(--ast-global-color-4)","background-image":"","background-repeat":"repeat","background-position":"center center","background-size":"auto","background-attachment":"scroll","background-type":"","background-media":"","overlay-type":"","overlay-color":"","overlay-opacity":"","overlay-gradient":""}}},"product_brand":[],"product_cat":[25,29],"product_tag":[],"class_list":{"0":"post-447","1":"product","2":"type-product","3":"status-publish","4":"has-post-thumbnail","6":"product_cat-pool-technologie","7":"product_cat-services","8":"desktop-align-left","9":"tablet-align-left","10":"mobile-align-left","12":"first","13":"instock","14":"shipping-taxable","15":"purchasable","16":"product-type-simple"},"_links":{"self":[{"href":"https:\/\/macellule.fr\/index.php\/wp-json\/wp\/v2\/product\/447","targetHints":{"allow":["GET"]}}],"collection":[{"href":"https:\/\/macellule.fr\/index.php\/wp-json\/wp\/v2\/product"}],"about":[{"href":"https:\/\/macellule.fr\/index.php\/wp-json\/wp\/v2\/types\/product"}],"wp:featuredmedia":[{"embeddable":true,"href":"https:\/\/macellule.fr\/index.php\/wp-json\/wp\/v2\/media\/448"}],"wp:attachment":[{"href":"https:\/\/macellule.fr\/index.php\/wp-json\/wp\/v2\/media?parent=447"}],"wp:term":[{"taxonomy":"product_brand","embeddable":true,"href":"https:\/\/macellule.fr\/index.php\/wp-json\/wp\/v2\/product_brand?post=447"},{"taxonomy":"product_cat","embeddable":true,"href":"https:\/\/macellule.fr\/index.php\/wp-json\/wp\/v2\/product_cat?post=447"},{"taxonomy":"product_tag","embeddable":true,"href":"https:\/\/macellule.fr\/index.php\/wp-json\/wp\/v2\/product_tag?post=447"}],"curies":[{"name":"wp","href":"https:\/\/api.w.org\/{rel}","templated":true}]}}