{"id":170,"date":"2025-12-15T15:59:15","date_gmt":"2025-12-15T15:59:15","guid":{"rendered":"https:\/\/macellule.fr\/?post_type=product&#038;p=170"},"modified":"2026-04-03T17:41:18","modified_gmt":"2026-04-03T17:41:18","slug":"cellule-electrolyseur-pool-technologie-racer-3-plaques-compatible","status":"publish","type":"product","link":"https:\/\/macellule.fr\/index.php\/product\/cellule-electrolyseur-pool-technologie-racer-3-plaques-compatible\/","title":{"rendered":"Cellule \u00e9lectrolyseur Pool Technologie Racer \u2013 3 plaques (compatible)"},"content":{"rendered":"<h3>Vous cherchez une solution plus \u00e9conomique ?<\/h3>\n<p style=\"text-align: left;\">N&rsquo;h\u00e9sitez pas \u00e0 passer par notre formulaire d&rsquo;<a href=\"https:\/\/macellule.fr\/index.php\/diagnostic-devis\/\">aide au Diagnostic <\/a>pour recevoir une offre personnaliser pour la restauration de votre cellule.<\/p>\n<h3>Sinon la cellule Pool Technologie Racer 3 plaques compatible est con\u00e7ue pour remplacer la cellule d\u2019origine de votre \u00e9lectrolyseur.<\/h3>\n<p>&nbsp;<\/p>\n<h3>Remplacez la cellule d\u00e9fectueuse de votre \u00e9lectrolyseur de piscine.<\/h3>\n<p>Cette cellule est utilis\u00e9e par de nombreux mod\u00e8les d&rsquo;\u00e9lectrolyseurs pour transformer le sel dissous dans l&rsquo;eau en chlore naturel. Ses\u00a0<strong>5 plaques en titane<\/strong>\u00a0sont recouvertes de\u00a0<strong>2 rev\u00eatements simples<\/strong>\u00a0et\u00a0<strong>2 doubles faces (ruth\u00e9nium\/iridium)<\/strong>\u00a0afin d&rsquo;assurer la durabilit\u00e9 des plaques. Le corps transparent de la cellule permet de juger en un coup d&rsquo;oeil l&rsquo;\u00e9tat des plaques. L&rsquo;entretien de cette cellule de rechange s&rsquo;effectue automatiquement gr\u00e2ce \u00e0\u00a0<strong>l&rsquo;inversion de polarit\u00e9<\/strong>. Tr\u00e8s durable, cette cellule de remplacement est garantie\u00a0<strong>2 ans<\/strong>.<\/p>\n<h3>Comment fonctionne une cellule d&rsquo;\u00e9lectrolyseur ?<\/h3>\n<p>La cellule d&rsquo;\u00e9lectrolyseur, install\u00e9e apr\u00e8s le syst\u00e8me de filtration, produit du chlore gr\u00e2ce \u00e0 une r\u00e9action chimique appel\u00e9e\u00a0<strong>\u00e9lectrolyse<\/strong>. Lorsque l&rsquo;eau sal\u00e9e passe \u00e0 travers la cellule, un faible courant \u00e9lectrique est appliqu\u00e9 aux \u00e9lectrodes. La r\u00e9action chimique transforme le sel (NaCl) en\u00a0<strong>chlore naturel<\/strong>\u00a0(hypochlorite de sodium) qui servira \u00e0 d\u00e9sinfecter le bassin. L&rsquo;\u00e9lectrolyseur de piscine donne la possibilit\u00e9 de r\u00e9gler la production de chlore selon les besoins.<\/p>\n<h3>Quand changer une cellule d&rsquo;\u00e9lectrolyseur ?<\/h3>\n<p>Th\u00e9oriquement, la dur\u00e9e de vie d&rsquo;une cellule d&rsquo;\u00e9lectrolyseur piscine est comprise\u00a0<strong>entre 3 et 7 ans<\/strong>. N\u00e9anmoins, des signes comme\u00a0<strong>l&rsquo;absence de bulles,\u00a0<\/strong>une\u00a0<strong>concentration de chlore moins \u00e9lev\u00e9e<\/strong>\u00a0que pr\u00e9vue peuvent indiquer que la cellule est us\u00e9e et n\u00e9cessite d&rsquo;\u00eatre remplac\u00e9e. L&rsquo;\u00e9tat visuel de la cellule peut aussi vous mettre la puce \u00e0 oreille. la pr\u00e9sence de\u00a0<strong>tartre sur les plaques<\/strong>\u00a0ou une\u00a0<strong>corrosion excessive<\/strong>\u00a0de celles-ci impliquent de devoir remplacer la cellule d&rsquo;\u00e9lectrolyse.<\/p>\n<h3>Comment nettoyer une cellule d&rsquo;\u00e9lectrolyseur ?<\/h3>\n<p>Les cellules des \u00e9lectrolyseurs Racer profitent d&rsquo;un\u00a0<strong>auto-nettoyage par inversion de polarit\u00e9<\/strong>, ce qui permet d&#8217;emp\u00eacher les d\u00e9p\u00f4ts de calcaire dans la majeure partie des cas.\u00a0Toutefois, un\u00a0<strong>nettoyage manuel<\/strong>\u00a0est parfois n\u00e9cessaire face \u00e0 une eau particuli\u00e8rement dure. Pour\u00a0<strong>nettoyer votre cellule d&rsquo;\u00e9lectrolyseur de piscine<\/strong>, proc\u00e9dez comme suit :<\/p>\n<ul>\n<li>1. Arr\u00eatez la filtration et l&rsquo;\u00e9lectrolyseur, puis fermez les vannes by-pass<\/li>\n<li>2. D\u00e9vissez les connexions \u00e9lectriques, puis les \u00e9crous union de la cellule<\/li>\n<li>3. Enlevez la cellule et v\u00e9rifiez la pr\u00e9sence de tartre sur les \u00e9lectrodes<\/li>\n<li>4. Munissez-vous de gants, de lunettes, d&rsquo;un tablier de protection ainsi que d&rsquo;une bassine pouvant contenir la cellule de mani\u00e8re horizontale<\/li>\n<li>5. Remplissez la bassine avec une solution d&rsquo;acide chlorhydrique dilu\u00e9e (1 volume d&rsquo;acide pour 4 volumes d&rsquo;eau)<\/li>\n<li>6. Laissez tremper jusqu&rsquo;\u00e0 disparition totale du calcaire<\/li>\n<li>7. Une fois la cellule d\u00e9pourvue de calcaire, rincer abondamment \u00e0 l&rsquo;eau, puis remontez la cellule \u00e0 son emplacement initial<\/li>\n<li>8. Ouvrez de nouveau les vannes by-pass, puis remettez la filtration et l&rsquo;\u00e9lectrolyseur en marche<\/li>\n<\/ul>\n<h3>Comment choisir correctement sa cellule d&rsquo;\u00e9lectrolyseur ?<\/h3>\n<p>Pour commencer, il est n\u00e9cessaire de d\u00e9terminer si vous avez besoin d&rsquo;une cellule en T ou en Ligne, voici \u00e0 quoi vous pouvez les reconna\u00eetre :<\/p>\n<ul>\n<li>Cellule en T : celle-ci est \u00e0 ins\u00e9rer dans un vase (l&rsquo;armature transparente dans laquelle est log\u00e9e la cellule)<\/li>\n<li>Cellule en ligne : celle-ci est indissociable du vase<\/li>\n<\/ul>\n<p>Il vous faut une cellule en T : vous devez compter le nombre de plaques en titane que comporte la cellule usag\u00e9e afin de conna\u00eetre les cellules compatibles<br \/>\nIl vous faut une cellule en ligne : vous devez choisir entre une cellule monopolaire ou mixte<\/p>\n<h3>Quelques conseils pour profiter d&rsquo;une \u00e9lectrolyse au sel plus durable.<\/h3>\n<p>Il existe plusieurs conseils pour am\u00e9liorer la durabilit\u00e9 de votre nouvelle cellule d&rsquo;\u00e9lectrolyseur. Premi\u00e8rement, n&rsquo;oubliez pas de\u00a0<strong>maintenir une concentration en sel ad\u00e9quate<\/strong> dans le bassin. Pour rappel, tous les \u00e9lectrolyseurs ont besoin d&rsquo;une concentration en sel minimale de <strong>3 g\/l<\/strong>\u00a0pour bien fonctionner.<br \/>\nLa temp\u00e9rature de l&rsquo;eau a \u00e9galement un impact, faire fonctionner son \u00e9lectrolyseur dans une\u00a0<strong>eau inf\u00e9rieure \u00e0 15\u00b0C<\/strong>\u00a0contribue \u00e0\u00a0<strong>d\u00e9grader les \u00e9lectrodes de l&rsquo;appareil<\/strong>. \u00c9galement, le r\u00e9chauffement climatique et les\u00a0<strong>fortes chaleurs<\/strong>\u00a0contribuent \u00e9galement \u00e0 r\u00e9duire la dur\u00e9e de vie des cellules en raison d&rsquo;un besoin plus important en d\u00e9sinfection.<br \/>\nEnfin, veillez \u00e0 ce que votre \u00e9lectrolyseur fonctionne en inversion de polarit\u00e9\u00a0<strong>pendant au moins 4 heures<\/strong>\u00a0pour pr\u00e9server l&rsquo;\u00e9tat de la cellule.<\/p>\n<h3>Tableau de compatibilit\u00e9<\/h3>\n<p>Electrolyseur racer 17\/80<br \/>\nElectrolyseur dexton 16\/70<br \/>\nElectrolyseur + regulation ph majestic duo 17\/80<br \/>\nMinisalt 70<br \/>\nGa sel 70<br \/>\nPiscine de france &#8211; mini pdf 70<br \/>\nLea composite &#8211; xp 70<br \/>\nAqualux &#8211; c&rsquo;el 70<br \/>\nPool technologie &#8211; facileo 50<br \/>\nIbiza &#8211; isasel 70<br \/>\nO&rsquo;clair &#8211; perle s75<br \/>\nPool technologie &#8211; o&rsquo;sel 90<br \/>\nPool technologie &#8211; justsalt 60 lcd<br \/>\nGa duo 70<br \/>\nPool technologie &#8211; justsalt duo 60<br \/>\nHydrosud &#8211; elite pro 60 et lcd<br \/>\nLea composite &#8211; sg70<br \/>\nDinotec &#8211; dinuno 90<br \/>\nPool technologie &#8211; minisalt 70<br \/>\nPool technologie &#8211; minisalt nps 12\/60<br \/>\nHorner uno 70 \/ duo 70<br \/>\nCarr\u00e9 bleue &#8211; bleu sel 50<br \/>\nAqualux &#8211; basic uno 80<br \/>\nDinotec &#8211; basic uno 80<br \/>\nHydrosud &#8211; label sel 70<br \/>\nMondial piscine &#8211; mondysalt 75<br \/>\nO&rsquo;clair s60<br \/>\nDinotec &#8211; c&rsquo;elx 60<br \/>\nAqualux &#8211; basic duo 80<br \/>\nPool technologie &#8211; justsalt pro 60<br \/>\nWaterair &#8211; watersalt tri 60<br \/>\nBright salt 70<br \/>\nIbiza &#8211; isasel 75<br \/>\nPool technologie &#8211; o&rsquo;sel 60<br \/>\nWaterair &#8211; silver 70<br \/>\nHydrosud &#8211; es ph duo60-e<\/p>\n","protected":false},"excerpt":{"rendered":"<ul>\n<li>Type de produit : cellule transparente 3 plaques<\/li>\n<li>R\u00e9f\u00e9rence : 3plmp220p12<\/li>\n<li>Marque : Pool Technologie (compatible)<\/li>\n<li>Mod\u00e8le : Racer<\/li>\n<li>Cellule autonettoyante : oui<\/li>\n<li>Compatibilit\u00e9 : voir tableau ci-dessous<\/li>\n<li>Dimensions des plaques : 220 x 50 mm<\/li>\n<li>Dimensions de la cellule : 224 x 88 mm<\/li>\n<li>Joints fournis<\/li>\n<\/ul>\n","protected":false},"featured_media":368,"template":"","meta":{"site-sidebar-layout":"default","site-content-layout":"","ast-site-content-layout":"default","site-content-style":"default","site-sidebar-style":"default","ast-global-header-display":"","ast-banner-title-visibility":"","ast-main-header-display":"","ast-hfb-above-header-display":"","ast-hfb-below-header-display":"","ast-hfb-mobile-header-display":"","site-post-title":"","ast-breadcrumbs-content":"","ast-featured-img":"","footer-sml-layout":"","ast-disable-related-posts":"","theme-transparent-header-meta":"default","adv-header-id-meta":"","stick-header-meta":"","header-above-stick-meta":"","header-main-stick-meta":"","header-below-stick-meta":"","astra-migrate-meta-layouts":"set","ast-page-background-enabled":"default","ast-page-background-meta":{"desktop":{"background-color":"var(--ast-global-color-5)","background-image":"","background-repeat":"repeat","background-position":"center center","background-size":"auto","background-attachment":"scroll","background-type":"","background-media":"","overlay-type":"","overlay-color":"","overlay-opacity":"","overlay-gradient":""},"tablet":{"background-color":"","background-image":"","background-repeat":"repeat","background-position":"center center","background-size":"auto","background-attachment":"scroll","background-type":"","background-media":"","overlay-type":"","overlay-color":"","overlay-opacity":"","overlay-gradient":""},"mobile":{"background-color":"","background-image":"","background-repeat":"repeat","background-position":"center center","background-size":"auto","background-attachment":"scroll","background-type":"","background-media":"","overlay-type":"","overlay-color":"","overlay-opacity":"","overlay-gradient":""}},"ast-content-background-meta":{"desktop":{"background-color":"var(--ast-global-color-4)","background-image":"","background-repeat":"repeat","background-position":"center center","background-size":"auto","background-attachment":"scroll","background-type":"","background-media":"","overlay-type":"","overlay-color":"","overlay-opacity":"","overlay-gradient":""},"tablet":{"background-color":"var(--ast-global-color-4)","background-image":"","background-repeat":"repeat","background-position":"center center","background-size":"auto","background-attachment":"scroll","background-type":"","background-media":"","overlay-type":"","overlay-color":"","overlay-opacity":"","overlay-gradient":""},"mobile":{"background-color":"var(--ast-global-color-4)","background-image":"","background-repeat":"repeat","background-position":"center center","background-size":"auto","background-attachment":"scroll","background-type":"","background-media":"","overlay-type":"","overlay-color":"","overlay-opacity":"","overlay-gradient":""}}},"product_brand":[],"product_cat":[25],"product_tag":[],"class_list":{"0":"post-170","1":"product","2":"type-product","3":"status-publish","4":"has-post-thumbnail","6":"product_cat-pool-technologie","7":"desktop-align-left","8":"tablet-align-left","9":"mobile-align-left","11":"first","12":"instock","13":"shipping-taxable","14":"purchasable","15":"product-type-simple"},"_links":{"self":[{"href":"https:\/\/macellule.fr\/index.php\/wp-json\/wp\/v2\/product\/170","targetHints":{"allow":["GET"]}}],"collection":[{"href":"https:\/\/macellule.fr\/index.php\/wp-json\/wp\/v2\/product"}],"about":[{"href":"https:\/\/macellule.fr\/index.php\/wp-json\/wp\/v2\/types\/product"}],"wp:featuredmedia":[{"embeddable":true,"href":"https:\/\/macellule.fr\/index.php\/wp-json\/wp\/v2\/media\/368"}],"wp:attachment":[{"href":"https:\/\/macellule.fr\/index.php\/wp-json\/wp\/v2\/media?parent=170"}],"wp:term":[{"taxonomy":"product_brand","embeddable":true,"href":"https:\/\/macellule.fr\/index.php\/wp-json\/wp\/v2\/product_brand?post=170"},{"taxonomy":"product_cat","embeddable":true,"href":"https:\/\/macellule.fr\/index.php\/wp-json\/wp\/v2\/product_cat?post=170"},{"taxonomy":"product_tag","embeddable":true,"href":"https:\/\/macellule.fr\/index.php\/wp-json\/wp\/v2\/product_tag?post=170"}],"curies":[{"name":"wp","href":"https:\/\/api.w.org\/{rel}","templated":true}]}}