{"id":1617,"date":"2026-04-04T22:13:12","date_gmt":"2026-04-04T22:13:12","guid":{"rendered":"https:\/\/macellule.fr\/?post_type=product&#038;p=1617"},"modified":"2026-04-04T22:18:02","modified_gmt":"2026-04-04T22:18:02","slug":"cellule-pour-electrolyseur-astrapool-pacific-sel-60-7-plaques-compatible","status":"publish","type":"product","link":"https:\/\/macellule.fr\/index.php\/product\/cellule-pour-electrolyseur-astrapool-pacific-sel-60-7-plaques-compatible\/","title":{"rendered":"Cellule pour \u00e9lectrolyseur AstraPool Pacific Sel 60 \u2013 7 plaques (compatible)"},"content":{"rendered":"<h3>Cellule pour \u00e9lectrolyseur AstraPool Pacific Sel 60 \u2013 7 plaques (compatible)<\/h3>\n<ul>\n<li>Marque : AstraPool\u00ae (compatible)<\/li>\n<li>Mod\u00e8le : Pacific Sel 60<\/li>\n<li>Nombre de plaques : 7<\/li>\n<li style=\"font-size: 16px;\">Dimensions des plaques : 145 x 42 mm<\/li>\n<li>Mati\u00e8re : Titane<\/li>\n<li>Rev\u00eatement : Ruth\u00e9nium \/ Iridium<\/li>\n<li>Cellule autonettoyante : oui<\/li>\n<li>Couvercle AstraPool\u00ae (Compatible)<\/li>\n<li>Mati\u00e8re : ABS (Impression 3D)<\/li>\n<li>Diam\u00e8tre int\u00e9rieur: 67 mm<\/li>\n<li>Diam\u00e8tre couvercle: 88 mm<\/li>\n<li>Etanch\u00e9it\u00e9 : R\u00e9sine<\/li>\n<\/ul>\n<h3>Cette cellule AstraPool\u00ae Pacific Sel 60<strong>pour \u00e9lectrolyseur est utilis\u00e9 sur le mat\u00e9riel ci-dessous :<\/strong><\/h3>\n<ul>\n<li>Magiline Sel\u00ae 60<\/li>\n<li>Astral Sel\u00ae 60<\/li>\n<li>Alpina\u00ae 60<\/li>\n<li style=\"font-size: 16px;\">Energy Sel\u00ae 60<\/li>\n<li>Euro Sel\u00ae 60<\/li>\n<\/ul>\n","protected":false},"excerpt":{"rendered":"<ul>\n<li>Marque : AstraPool\u00ae (compatible)<\/li>\n<li>Mod\u00e8le : Pacific Sel 60<\/li>\n<li>Nombre de plaques : 4<\/li>\n<li style=\"font-size: 16px;\">Dimensions des plaques : 145 x 42 mm<\/li>\n<li>Mati\u00e8re : Titane<\/li>\n<li>Rev\u00eatement : Ruth\u00e9nium \/ Iridium<\/li>\n<li>Cellule autonettoyante : oui<\/li>\n<li>Couvercle AstraPool\u00ae (Compatible)<\/li>\n<li>Mati\u00e8re : ABS (Impression 3D)<\/li>\n<li>Diam\u00e8tre int\u00e9rieur: 67 mm<\/li>\n<li>Diam\u00e8tre couvercle: 88 mm<\/li>\n<li>Etanch\u00e9it\u00e9 : R\u00e9sine<\/li>\n<\/ul>\n","protected":false},"featured_media":356,"template":"","meta":{"site-sidebar-layout":"default","site-content-layout":"","ast-site-content-layout":"default","site-content-style":"default","site-sidebar-style":"default","ast-global-header-display":"","ast-banner-title-visibility":"","ast-main-header-display":"","ast-hfb-above-header-display":"","ast-hfb-below-header-display":"","ast-hfb-mobile-header-display":"","site-post-title":"","ast-breadcrumbs-content":"","ast-featured-img":"","footer-sml-layout":"","ast-disable-related-posts":"","theme-transparent-header-meta":"default","adv-header-id-meta":"","stick-header-meta":"","header-above-stick-meta":"","header-main-stick-meta":"","header-below-stick-meta":"","astra-migrate-meta-layouts":"set","ast-page-background-enabled":"default","ast-page-background-meta":{"desktop":{"background-color":"var(--ast-global-color-5)","background-image":"","background-repeat":"repeat","background-position":"center center","background-size":"auto","background-attachment":"scroll","background-type":"","background-media":"","overlay-type":"","overlay-color":"","overlay-opacity":"","overlay-gradient":""},"tablet":{"background-color":"","background-image":"","background-repeat":"repeat","background-position":"center center","background-size":"auto","background-attachment":"scroll","background-type":"","background-media":"","overlay-type":"","overlay-color":"","overlay-opacity":"","overlay-gradient":""},"mobile":{"background-color":"","background-image":"","background-repeat":"repeat","background-position":"center center","background-size":"auto","background-attachment":"scroll","background-type":"","background-media":"","overlay-type":"","overlay-color":"","overlay-opacity":"","overlay-gradient":""}},"ast-content-background-meta":{"desktop":{"background-color":"var(--ast-global-color-4)","background-image":"","background-repeat":"repeat","background-position":"center center","background-size":"auto","background-attachment":"scroll","background-type":"","background-media":"","overlay-type":"","overlay-color":"","overlay-opacity":"","overlay-gradient":""},"tablet":{"background-color":"var(--ast-global-color-4)","background-image":"","background-repeat":"repeat","background-position":"center center","background-size":"auto","background-attachment":"scroll","background-type":"","background-media":"","overlay-type":"","overlay-color":"","overlay-opacity":"","overlay-gradient":""},"mobile":{"background-color":"var(--ast-global-color-4)","background-image":"","background-repeat":"repeat","background-position":"center center","background-size":"auto","background-attachment":"scroll","background-type":"","background-media":"","overlay-type":"","overlay-color":"","overlay-opacity":"","overlay-gradient":""}}},"product_brand":[],"product_cat":[26],"product_tag":[],"class_list":{"0":"post-1617","1":"product","2":"type-product","3":"status-publish","4":"has-post-thumbnail","6":"product_cat-astrapool","7":"desktop-align-left","8":"tablet-align-left","9":"mobile-align-left","11":"first","12":"instock","13":"shipping-taxable","14":"purchasable","15":"product-type-simple"},"_links":{"self":[{"href":"https:\/\/macellule.fr\/index.php\/wp-json\/wp\/v2\/product\/1617","targetHints":{"allow":["GET"]}}],"collection":[{"href":"https:\/\/macellule.fr\/index.php\/wp-json\/wp\/v2\/product"}],"about":[{"href":"https:\/\/macellule.fr\/index.php\/wp-json\/wp\/v2\/types\/product"}],"wp:featuredmedia":[{"embeddable":true,"href":"https:\/\/macellule.fr\/index.php\/wp-json\/wp\/v2\/media\/356"}],"wp:attachment":[{"href":"https:\/\/macellule.fr\/index.php\/wp-json\/wp\/v2\/media?parent=1617"}],"wp:term":[{"taxonomy":"product_brand","embeddable":true,"href":"https:\/\/macellule.fr\/index.php\/wp-json\/wp\/v2\/product_brand?post=1617"},{"taxonomy":"product_cat","embeddable":true,"href":"https:\/\/macellule.fr\/index.php\/wp-json\/wp\/v2\/product_cat?post=1617"},{"taxonomy":"product_tag","embeddable":true,"href":"https:\/\/macellule.fr\/index.php\/wp-json\/wp\/v2\/product_tag?post=1617"}],"curies":[{"name":"wp","href":"https:\/\/api.w.org\/{rel}","templated":true}]}}