{"id":86,"date":"2025-12-14T10:49:46","date_gmt":"2025-12-14T10:49:46","guid":{"rendered":"https:\/\/macellule.fr\/?page_id=86"},"modified":"2026-02-22T16:13:17","modified_gmt":"2026-02-22T16:13:17","slug":"diagnostic-devis","status":"publish","type":"page","link":"https:\/\/macellule.fr\/index.php\/diagnostic-devis\/","title":{"rendered":"Diagnostic &amp; devis"},"content":{"rendered":"\n<h1 class=\"wp-block-heading has-text-align-center\" style=\"margin-top:0;margin-right:0;margin-bottom:0;margin-left:0;padding-top:50px;padding-right:0;padding-bottom:0px;padding-left:0;font-size:28px\">Recevez un diagnostic gratuit de votre cellule sous 24h<\/h1>\n\n\n\n<p class=\"has-text-align-center\">Sp\u00e9cialiste fran\u00e7ais des cellules d\u2019\u00e9lectrolyseur piscine<\/p>\n\n\n\n<p class=\"has-text-align-center\">\u2b50\u2b50\u2b50\u2b50\u2b50 4,9\/5 sur 150 clients<br>\u201cPlus de 150 cellules d\u00e9j\u00e0 r\u00e9par\u00e9es en France\u201d<\/p>\n\n\n\n<div class=\"wp-block-columns are-vertically-aligned-center has-background is-layout-flex wp-container-core-columns-is-layout-7b1c9e8d wp-block-columns-is-layout-flex\" style=\"border-top-left-radius:100px;border-top-right-radius:100px;border-bottom-left-radius:100px;border-bottom-right-radius:100px;background-color:#e9e9e9;margin-top:0;margin-bottom:0;padding-top:var(--wp--preset--spacing--30);padding-bottom:var(--wp--preset--spacing--30)\">\n<div class=\"wp-block-column is-vertically-aligned-center is-layout-flow wp-block-column-is-layout-flow\" style=\"padding-top:0;padding-bottom:0\">\n<h3 class=\"wp-block-heading has-text-align-center\" style=\"font-size:18px\"><strong><strong><strong>\u2714<\/strong><\/strong><\/strong> <strong>R\u00e9ponse sous 24h<\/strong><\/h3>\n<\/div>\n\n\n\n<div class=\"wp-block-column is-vertically-aligned-center is-layout-flow wp-block-column-is-layout-flow\" style=\"padding-top:0;padding-bottom:0\">\n<h3 class=\"wp-block-heading has-text-align-center\" style=\"font-size:18px\"><strong> <strong><strong><strong>\u2714<\/strong><\/strong><\/strong><\/strong> <strong><strong>Diagnostic gratuit<\/strong> <\/strong><\/h3>\n<\/div>\n\n\n\n<div class=\"wp-block-column is-vertically-aligned-center is-layout-flow wp-block-column-is-layout-flow\" style=\"padding-top:0;padding-bottom:0\">\n<h3 class=\"wp-block-heading has-text-align-center\" style=\"font-size:18px\"><strong><strong><strong>\u2714<\/strong><\/strong><\/strong> <strong>Sans obligation<\/strong><\/h3>\n<\/div>\n<\/div>\n\n\n\n<div class=\"forminator-guttenberg\"><div class=\"forminator-ui forminator-custom-form forminator-custom-form-143 forminator-design--bold forminator-enclosed forminator_ajax\" data-forminator-render=\"0\" data-form=\"forminator-module-143\" data-uid=\"69d531ae72759\"><br\/><\/div><form\n\t\t\t\tid=\"forminator-module-143\"\n\t\t\t\tclass=\"forminator-ui forminator-custom-form forminator-custom-form-143 forminator-design--bold forminator-enclosed forminator_ajax\"\n\t\t\t\tmethod=\"post\"\n\t\t\t\tdata-forminator-render=\"0\"\n\t\t\t\tdata-form-id=\"143\"\n\t\t\t\tenctype=\"multipart\/form-data\" data-color-option=\"theme\" data-design=\"bold\" data-grid=\"enclosed\" style=\"display: none;\"\n\t\t\t\tdata-uid=\"69d531ae72759\"\n\t\t\t><div role=\"alert\" aria-live=\"polite\" class=\"forminator-response-message forminator-error\" aria-hidden=\"true\"><\/div><div class=\"forminator-row\"><div id=\"name-1\" class=\"forminator-field-name forminator-col forminator-col-6 \"><div class=\"forminator-field\"><label for=\"forminator-field-name-1_69d531ae72759\" id=\"forminator-field-name-1_69d531ae72759-label\" class=\"forminator-label\">Nom : <span class=\"forminator-required\">*<\/span><\/label><input type=\"text\" name=\"name-1\" value=\"\" placeholder=\"\" id=\"forminator-field-name-1_69d531ae72759\" class=\"forminator-input forminator-name--field\" aria-required=\"true\" autocomplete=\"name\" \/><\/div><\/div><div id=\"name-2\" class=\"forminator-field-name forminator-col forminator-col-6 \"><div class=\"forminator-field\"><label for=\"forminator-field-name-2_69d531ae72759\" id=\"forminator-field-name-2_69d531ae72759-label\" class=\"forminator-label\">Pr\u00e9nom : <span class=\"forminator-required\">*<\/span><\/label><input type=\"text\" name=\"name-2\" value=\"\" placeholder=\"\" id=\"forminator-field-name-2_69d531ae72759\" class=\"forminator-input forminator-name--field\" aria-required=\"true\" autocomplete=\"name\" \/><\/div><\/div><\/div><div class=\"forminator-row\"><div id=\"email-1\" class=\"forminator-field-email forminator-col forminator-col-6 \"><div class=\"forminator-field\"><label for=\"forminator-field-email-1_69d531ae72759\" id=\"forminator-field-email-1_69d531ae72759-label\" class=\"forminator-label\">Adresse de messagerie : <span class=\"forminator-required\">*<\/span><\/label><input type=\"email\" name=\"email-1\" value=\"\" placeholder=\"\" id=\"forminator-field-email-1_69d531ae72759\" class=\"forminator-input forminator-email--field\" data-required=\"1\" aria-required=\"true\" autocomplete=\"email\" \/><\/div><\/div><div id=\"phone-1\" class=\"forminator-field-phone forminator-col forminator-col-6 \"><div class=\"forminator-field\"><label for=\"forminator-field-phone-1_69d531ae72759\" id=\"forminator-field-phone-1_69d531ae72759-label\" class=\"forminator-label\">T\u00e9l\u00e9phone :<\/label><input type=\"text\" name=\"phone-1\" value=\"\" placeholder=\"(Facultatif \u2013 si vous souhaitez \u00eatre rappel\u00e9)\" id=\"forminator-field-phone-1_69d531ae72759\" class=\"forminator-input forminator-field--phone\" data-required=\"\" aria-required=\"false\" autocomplete=\"off\" \/><\/div><\/div><\/div><div class=\"forminator-row\"><div id=\"select-1\" class=\"forminator-field-select forminator-col forminator-col-6 \"><div class=\"forminator-field\"><label for=\"forminator-form-143__field--select-1_69d531ae72759\" id=\"forminator-form-143__field--select-1_69d531ae72759-label\" class=\"forminator-label\">Marque :<\/label><select  id=\"forminator-form-143__field--select-1_69d531ae72759\" class=\"forminator-select--field forminator-select2 forminator-select2-multiple\" data-required=\"\" name=\"select-1\" data-default-value=\"\" data-hidden-behavior=\"zero\" data-placeholder=\"S\u00e9lectionner\" data-search=\"false\" data-search-placeholder=\"S\u00e9lectionner\" data-checkbox=\"false\" data-allow-clear=\"false\" aria-labelledby=\"forminator-form-143__field--select-1_69d531ae72759-label\"><option value=\"\"  >S\u00e9lectionner<\/option><option value=\"ALLIANC\"  data-calculation=\"0\">ALLIANCE<\/option><option value=\"ALPINA\"  data-calculation=\"0\">ALPINA<\/option><option value=\"AQUA\"  data-calculation=\"0\">AQUA<\/option><option value=\"AQUALINE\"  data-calculation=\"0\">AQUALINE<\/option><option value=\"AQUALUX\"  data-calculation=\"0\">AQUALUX<\/option><option value=\"AQUALYSE\"  data-calculation=\"0\">AQUALYSE<\/option><option value=\"AQUAMATIC\"  data-calculation=\"0\">AQUAMATIC<\/option><option value=\"AQUASEL\"  data-calculation=\"0\">AQUASEL<\/option><option value=\"AQUI-DUO\"  data-calculation=\"0\">AQUI DUO<\/option><option value=\"ASTRAL-SEL\"  data-calculation=\"0\">ASTRAL SEL<\/option><option value=\"ASTRAPOOL\"  data-calculation=\"0\">ASTRAPOOL<\/option><option value=\"AUTO-PILOT\"  data-calculation=\"0\">AUTO PILOT<\/option><option value=\"AUTOLEC\"  data-calculation=\"0\">AUTOLEC<\/option><option value=\"AUTOSALT\"  data-calculation=\"0\">AUTOSALT<\/option><option value=\"BIO-POOL\"  data-calculation=\"0\">BIO-POOL<\/option><option value=\"CAPADOCE\"  data-calculation=\"0\">CAPADOCE<\/option><option value=\"CASH-PISCINE\"  data-calculation=\"0\">CASH PISCINE<\/option><option value=\"CHLOROMATIC\"  data-calculation=\"0\">CHLOROMATIC<\/option><option value=\"CLORILUX\"  data-calculation=\"0\">CLORILUX<\/option><option value=\"COMPUCHLOR\"  data-calculation=\"0\">COMPUCHLOR<\/option><option value=\"CORELEC\"  data-calculation=\"0\">CORELEC<\/option><option value=\"CTX\"  data-calculation=\"0\">CTX<\/option><option value=\"DEXTON\"  data-calculation=\"0\">DEXTON<\/option><option value=\"DIFFAPUR\"  data-calculation=\"0\">DIFFAPUR<\/option><option value=\"DUO-ALLIANCE\"  data-calculation=\"0\">DUO ALLIANCE<\/option><option value=\"DUO-STERILOR\"  data-calculation=\"0\">DUO STERILOR<\/option><option value=\"ECOMATIC\"  data-calculation=\"0\">ECOMATIC<\/option><option value=\"ECOSALT\"  data-calculation=\"0\">ECOSALT<\/option><option value=\"ELECTRONIQUE\"  data-calculation=\"0\">ELECTRONIQUE<\/option><option value=\"ELECTROSEL\"  data-calculation=\"0\">ELECTROSEL<\/option><option value=\"ELECTROSEL\"  data-calculation=\"0\">ELECTROSEL<\/option><option value=\"ENDURO\"  data-calculation=\"0\">ENDURO<\/option><option value=\"ENERGY-SEL\"  data-calculation=\"0\">ENERGY SEL<\/option><option value=\"EURO-SEL\"  data-calculation=\"0\">EURO SEL<\/option><option value=\"EUROMATIC\"  data-calculation=\"0\">EUROMATIC<\/option><option value=\"FILDEAU\"  data-calculation=\"0\">FILDEAU<\/option><option value=\"GACHES\"  data-calculation=\"0\">GACHES<\/option><option value=\"GENERIC\"  data-calculation=\"0\">GENERIC<\/option><option value=\"HAYWARD\"  data-calculation=\"0\">HAYWARD<\/option><option value=\"HYDRO-SUD\"  data-calculation=\"0\">HYDRO SUD<\/option><option value=\"JD-SEL\"  data-calculation=\"0\">JD SEL<\/option><option value=\"JUST-SALT\"  data-calculation=\"0\">JUST SALT<\/option><option value=\"JUSTCHLOR\"  data-calculation=\"0\">JUSTCHLOR<\/option><option value=\"LA-GLORIETTE\"  data-calculation=\"0\">LA GLORIETTE<\/option><option value=\"LECTRANATOR\"  data-calculation=\"0\">LECTRANATOR<\/option><option value=\"LIMPIDO\"  data-calculation=\"0\">LIMPIDO<\/option><option value=\"MAGILINE-SEL\"  data-calculation=\"0\">MAGILINE SEL<\/option><option value=\"MEDITERRAN\u00c9E\"  data-calculation=\"0\">MEDITERRAN\u00c9E<\/option><option value=\"MICRODOS\"  data-calculation=\"0\">MICRODOS<\/option><option value=\"MINISALT\"  data-calculation=\"0\">MINISALT<\/option><option value=\"MONARCH\"  data-calculation=\"0\">MONARCH<\/option><option value=\"MONARCH\"  data-calculation=\"0\">MONARCH<\/option><option value=\"MONARCH\"  data-calculation=\"0\">MONARCH<\/option><option value=\"O\u2019CLAIR\"  data-calculation=\"0\">O\u2019CLAIR<\/option><option value=\"O\u2019SEL\"  data-calculation=\"0\">O\u2019SEL<\/option><option value=\"ONET-PURE\"  data-calculation=\"0\">ONET PURE<\/option><option value=\"OVY-SEL\"  data-calculation=\"0\">OVY SEL<\/option><option value=\"OZEO\"  data-calculation=\"0\">OZEO<\/option><option value=\"PACIFIC-SEL\"  data-calculation=\"0\">PACIFIC SEL<\/option><option value=\"PARAFRANCE\"  data-calculation=\"0\">PARAFRANCE<\/option><option value=\"PARAMOUNT\"  data-calculation=\"0\">PARAMOUNT<\/option><option value=\"PISCINE-LAGON\"  data-calculation=\"0\">PISCINE LAGON<\/option><option value=\"POOL-PILOT\"  data-calculation=\"0\">POOL PILOT<\/option><option value=\"POOL-RITE\"  data-calculation=\"0\">POOL RITE<\/option><option value=\"POOL-TECHNOLOGIE\"  data-calculation=\"0\">POOL TECHNOLOGIE<\/option><option value=\"POOL-TECHNOLOGIE\"  data-calculation=\"0\">POOL TECHNOLOGIE<\/option><option value=\"POOLMAID\"  data-calculation=\"0\">POOLMAID<\/option><option value=\"POOLSQUAD\"  data-calculation=\"0\">POOLSQUAD<\/option><option value=\"PROCOPI\"  data-calculation=\"0\">PROCOPI<\/option><option value=\"PROMATIC\"  data-calculation=\"0\">PROMATIC<\/option><option value=\"QP-SALT\"  data-calculation=\"0\">QP SALT<\/option><option value=\"RACER\"  data-calculation=\"0\">RACER<\/option><option value=\"REGUL\"  data-calculation=\"0\">REGUL<\/option><option value=\"REGUL\"  data-calculation=\"0\">REGUL<\/option><option value=\"SELTONIC\"  data-calculation=\"0\">SELTONIC<\/option><option value=\"SMGC\"  data-calculation=\"0\">SMGC<\/option><option value=\"SODIPOOL\"  data-calculation=\"0\">SODIPOOL<\/option><option value=\"SOTREM\"  data-calculation=\"0\">SOTREM<\/option><option value=\"SOTREM\"  data-calculation=\"0\">SOTREM<\/option><option value=\"ST\"  data-calculation=\"0\">ST<\/option><option value=\"STERIBLUE\"  data-calculation=\"0\">STERIBLUE<\/option><option value=\"STERIBLUE\"  data-calculation=\"0\">STERIBLUE<\/option><option value=\"STERILOR\"  data-calculation=\"0\">STERILOR<\/option><option value=\"STERIPHOR\"  data-calculation=\"0\">STERIPHOR<\/option><option value=\"STROUD\"  data-calculation=\"0\">STROUD<\/option><option value=\"SUPERCELL\"  data-calculation=\"0\">SUPERCELL<\/option><option value=\"SWINTONIC\"  data-calculation=\"0\">SWINTONIC<\/option><option value=\"ULTRA-CHLOR\"  data-calculation=\"0\">ULTRA CHLOR<\/option><option value=\"VALIMPORT\"  data-calculation=\"0\">VALIMPORT<\/option><option value=\"WATERAIR\"  data-calculation=\"0\">WATERAIR<\/option><option value=\"ZODIAC\"  data-calculation=\"0\">ZODIAC<\/option><option value=\"custom_option\"  data-calculation=\"0\">Other<\/option><\/select><div class=\"forminator-field forminator-custom-input\"><input id=\"custom-forminator-form-143__field--select-1_69d531ae72759\" name=\"custom-select-1\" class=\"forminator-input\" aria-label=\"Other\" value=\"\" \/><\/div><\/div><\/div><div id=\"text-1\" class=\"forminator-field-text forminator-col forminator-col-6 \"><div class=\"forminator-field\"><label for=\"forminator-field-text-1_69d531ae72759\" id=\"forminator-field-text-1_69d531ae72759-label\" class=\"forminator-label\">Mod\u00e8le :<\/label><input type=\"text\" name=\"text-1\" value=\"\" placeholder=\"\" id=\"forminator-field-text-1_69d531ae72759\" class=\"forminator-input forminator-name--field\" data-required=\"\" \/><\/div><\/div><\/div><div class=\"forminator-row\"><div id=\"select-3\" class=\"forminator-field-select forminator-col forminator-col-12 \"><div class=\"forminator-field\"><label for=\"forminator-form-143__field--select-3_69d531ae72759\" id=\"forminator-form-143__field--select-3_69d531ae72759-label\" class=\"forminator-label\">Nombre de Plaque ou Grille :<\/label><select  id=\"forminator-form-143__field--select-3_69d531ae72759\" class=\"forminator-select--field forminator-select2 forminator-select2-multiple\" data-required=\"\" name=\"select-3\" data-default-value=\"\" data-hidden-behavior=\"zero\" data-placeholder=\"S\u00e9lectionner\" data-search=\"false\" data-search-placeholder=\"S\u00e9lectionner\" data-checkbox=\"false\" data-allow-clear=\"false\" aria-labelledby=\"forminator-form-143__field--select-3_69d531ae72759-label\"><option value=\"\"  >S\u00e9lectionner<\/option><option value=\"two\"  data-calculation=\"0\">2<\/option><option value=\"3-plaques\"  data-calculation=\"0\">3<\/option><option value=\"4-plaques\"  data-calculation=\"0\">4<\/option><option value=\"5-plaques\"  data-calculation=\"0\">5<\/option><option value=\"6-plaques\"  data-calculation=\"0\">6<\/option><option value=\"7-plaques\"  data-calculation=\"0\">7<\/option><option value=\"8-plaques\"  data-calculation=\"0\">8<\/option><option value=\"9-plaques\"  data-calculation=\"0\">9<\/option><option value=\"10-plaques\"  data-calculation=\"0\">10<\/option><\/select><\/div><\/div><\/div><div class=\"forminator-row\"><div id=\"select-2\" class=\"forminator-field-select forminator-col forminator-col-12 \"><div class=\"forminator-field\"><label for=\"forminator-form-143__field--select-2_69d531ae72759\" id=\"forminator-form-143__field--select-2_69d531ae72759-label\" class=\"forminator-label\">Age de la cellule :<\/label><select  id=\"forminator-form-143__field--select-2_69d531ae72759\" class=\"forminator-select--field forminator-select2 forminator-select2-multiple\" data-required=\"\" name=\"select-2\" data-default-value=\"\" data-hidden-behavior=\"zero\" data-placeholder=\"S\u00e9lectionner\" data-search=\"false\" data-search-placeholder=\"S\u00e9lectionner\" data-checkbox=\"false\" data-allow-clear=\"false\" aria-labelledby=\"forminator-form-143__field--select-2_69d531ae72759-label\"><option value=\"\"  >S\u00e9lectionner<\/option><option value=\"one\"  data-calculation=\"0\">1 an<\/option><option value=\"two\"  data-calculation=\"0\">2 ans<\/option><option value=\"3-ans\"  data-calculation=\"0\">3 ans<\/option><option value=\"4-ans\"  data-calculation=\"0\">4 ans<\/option><option value=\"5-ans\"  data-calculation=\"0\">5 ans<\/option><option value=\"6-ans\"  data-calculation=\"0\">6 ans<\/option><option value=\"7-ans-+\"  data-calculation=\"0\">7 ans +<\/option><\/select><\/div><\/div><\/div><div class=\"forminator-row\"><div id=\"textarea-3\" class=\"forminator-field-textarea forminator-col forminator-col-12 \"><div class=\"forminator-field\"><label for=\"forminator-field-textarea-3_69d531ae72759\" id=\"forminator-field-textarea-3_69d531ae72759-label\" class=\"forminator-label\">Les sympt\u00f4mes :<\/label><textarea name=\"textarea-3\" placeholder=\"Exemple : message \u201cLow Salt\u201d, production faible, cellule entartr\u00e9e, voyant rouge\u2026\" id=\"forminator-field-textarea-3_69d531ae72759\" class=\"forminator-textarea\" rows=\"6\" style=\"min-height:140px;\" ><\/textarea><\/div><\/div><\/div><div class=\"forminator-row\"><div id=\"checkbox-1\" class=\"forminator-field-checkbox forminator-col forminator-col-12 \"><div role=\"group\" class=\"forminator-field required\" aria-labelledby=\"forminator-checkbox-group-forminator-field-checkbox-1-69d531ae72759-label\"><span id=\"forminator-field-checkbox-1-69d531ae72759-description\" class=\"forminator-description\">J\u2019accepte d\u2019\u00eatre contact\u00e9 dans le cadre de ce diagnostic :<\/span><label id=\"forminator-field-checkbox-1-1-69d531ae72759-label\" for=\"forminator-field-checkbox-1-1-69d531ae72759\" class=\"forminator-checkbox forminator-checkbox-inline\" title=\"Oui\"><input type=\"checkbox\" name=\"checkbox-1[]\" value=\"one\" id=\"forminator-field-checkbox-1-1-69d531ae72759\" aria-labelledby=\"forminator-field-checkbox-1-1-69d531ae72759-label\" data-calculation=\"0\" checked=\"checked\"  data-hidden-behavior=\"zero\" aria-describedby=\"forminator-field-checkbox-1-69d531ae72759-description\"\/><span class=\"forminator-checkbox-box\" aria-hidden=\"true\"><\/span><span class=\"forminator-checkbox-label\">Oui<\/span><\/label><\/div><\/div><\/div><div class=\"forminator-row\"><div id=\"upload-1\" class=\"forminator-field-upload forminator-col forminator-col-12 \"><div class=\"forminator-field\"><label for=\"forminator-field-upload-1_69d531ae72759\" id=\"forminator-field-upload-1_69d531ae72759-label\" class=\"forminator-label\">Photo(s) de la cellule :<\/label><div class=\"forminator-file-upload \" data-element=\"upload-1_69d531ae72759\"><input type=\"file\" name=\"upload-1\" id=\"forminator-field-upload-1_69d531ae72759\" class=\"forminator-input-file\" accept=\".jpg,.jpeg,.jpe,.gif,.png,.bmp,.tiff,.tif,.webp,.avif,.ico,.heic,.heif,.heics,.heifs,.asf,.asx,.wmv,.wmx,.wm,.avi,.divx,.flv,.mov,.qt,.mpeg,.mpg,.mpe,.mp4,.m4v,.ogv,.webm,.mkv,.3gp,.3gpp,.3g2,.3gp2,.txt,.asc,.c,.cc,.h,.srt,.csv,.tsv,.ics,.rtx,.vtt,.mp3,.m4a,.m4b,.aac,.ra,.ram,.wav,.x-wav,.ogg,.oga,.flac,.mid,.midi,.wma,.wax,.mka,.rtf,.pdf,.class,.tar,.zip,.gz,.gzip,.7z,.psd,.xcf,.doc,.pot,.pps,.ppt,.wri,.xla,.xls,.xlt,.xlw,.mdb,.mpp,.docx,.docm,.dotx,.dotm,.xlsx,.xlsm,.xlsb,.xltx,.xltm,.xlam,.pptx,.pptm,.ppsx,.ppsm,.potx,.potm,.ppam,.sldx,.sldm,.onetoc,.onetoc2,.onetmp,.onepkg,.oxps,.xps,.odt,.odp,.ods,.odg,.odc,.odb,.odf,.wp,.wpd,.key,.numbers,.pages\" tabindex=\"-1\"><button id=\"forminator-field-upload-1_69d531ae72759_button\" class=\"forminator-button forminator-button-upload\" data-id=\"forminator-field-upload-1_69d531ae72759\">Choisissez un fichier<\/button><span data-empty-text=\"Aucun fichier s\u00e9lectionn\u00e9\">Aucun fichier s\u00e9lectionn\u00e9<\/span><button class=\"forminator-button-delete\" style=\"display: none;\"><i class=\"forminator-icon-close\" aria-hidden=\"true\"><\/i><span class=\"forminator-screen-reader-only\">Supprimer le fichier t\u00e9l\u00e9vers\u00e9<\/span><\/button><\/div><\/div><\/div><\/div><input type=\"hidden\" name=\"referer_url\" value=\"\" \/><div class=\"forminator-row forminator-row-last\"><div class=\"forminator-col\"><div class=\"forminator-field\"><button class=\"forminator-button forminator-button-submit\">Recevoir mon diagnostic sous 24h<\/button><\/div><\/div><\/div><input type=\"hidden\" id=\"forminator_nonce\" name=\"forminator_nonce\" value=\"f5e7e65c54\" \/><input type=\"hidden\" name=\"_wp_http_referer\" value=\"\/index.php\/wp-json\/wp\/v2\/pages\/86\" \/><input type=\"hidden\" name=\"form_id\" value=\"143\"><input type=\"hidden\" name=\"page_id\" value=\"86\"><input type=\"hidden\" name=\"form_type\" value=\"default\"><input type=\"hidden\" name=\"current_url\" value=\"https:\/\/macellule.fr\/index.php\/diagnostic-devis\/\"><input type=\"hidden\" name=\"render_id\" value=\"0\"><input type=\"hidden\" name=\"action\" value=\"forminator_submit_form_custom-forms\"><\/form><\/div>\n\n\n\n<p>\u2714 Aucun paiement demand\u00e9<br>\u2714 Diagnostic sans engagement<br>\ud83d\udc49 \u201cUn sp\u00e9cialiste vous r\u00e9pond personnellement sous 24h.\u201d<\/p>\n\n\n\n<ul class=\"wp-block-list\"><\/ul>\n\n\n\n<p class=\"has-small-font-size\">\ud83d\udd12 Vos informations restent confidentielles.<\/p>\n\n\n\n<p><\/p>\n","protected":false},"excerpt":{"rendered":"<p>Recevez un diagnostic gratuit de votre cellule sous 24h Sp\u00e9cialiste fran\u00e7ais des cellules d\u2019\u00e9lectrolyseur piscine \u2b50\u2b50\u2b50\u2b50\u2b50 4,9\/5 sur 150 clients\u201cPlus [&hellip;]<\/p>\n","protected":false},"author":1,"featured_media":0,"parent":0,"menu_order":0,"comment_status":"closed","ping_status":"closed","template":"","meta":{"site-sidebar-layout":"default","site-content-layout":"","ast-site-content-layout":"default","site-content-style":"default","site-sidebar-style":"default","ast-global-header-display":"","ast-banner-title-visibility":"","ast-main-header-display":"","ast-hfb-above-header-display":"","ast-hfb-below-header-display":"","ast-hfb-mobile-header-display":"","site-post-title":"disabled","ast-breadcrumbs-content":"","ast-featured-img":"","footer-sml-layout":"","ast-disable-related-posts":"","theme-transparent-header-meta":"","adv-header-id-meta":"","stick-header-meta":"","header-above-stick-meta":"","header-main-stick-meta":"","header-below-stick-meta":"","astra-migrate-meta-layouts":"default","ast-page-background-enabled":"default","ast-page-background-meta":{"desktop":{"background-color":"var(--ast-global-color-5)","background-image":"","background-repeat":"repeat","background-position":"center center","background-size":"auto","background-attachment":"scroll","background-type":"","background-media":"","overlay-type":"","overlay-color":"","overlay-opacity":"","overlay-gradient":""},"tablet":{"background-color":"","background-image":"","background-repeat":"repeat","background-position":"center center","background-size":"auto","background-attachment":"scroll","background-type":"","background-media":"","overlay-type":"","overlay-color":"","overlay-opacity":"","overlay-gradient":""},"mobile":{"background-color":"","background-image":"","background-repeat":"repeat","background-position":"center center","background-size":"auto","background-attachment":"scroll","background-type":"","background-media":"","overlay-type":"","overlay-color":"","overlay-opacity":"","overlay-gradient":""}},"ast-content-background-meta":{"desktop":{"background-color":"var(--ast-global-color-4)","background-image":"","background-repeat":"repeat","background-position":"center center","background-size":"auto","background-attachment":"scroll","background-type":"","background-media":"","overlay-type":"","overlay-color":"","overlay-opacity":"","overlay-gradient":""},"tablet":{"background-color":"var(--ast-global-color-4)","background-image":"","background-repeat":"repeat","background-position":"center center","background-size":"auto","background-attachment":"scroll","background-type":"","background-media":"","overlay-type":"","overlay-color":"","overlay-opacity":"","overlay-gradient":""},"mobile":{"background-color":"var(--ast-global-color-4)","background-image":"","background-repeat":"repeat","background-position":"center center","background-size":"auto","background-attachment":"scroll","background-type":"","background-media":"","overlay-type":"","overlay-color":"","overlay-opacity":"","overlay-gradient":""}},"footnotes":""},"class_list":["post-86","page","type-page","status-publish","hentry"],"_links":{"self":[{"href":"https:\/\/macellule.fr\/index.php\/wp-json\/wp\/v2\/pages\/86","targetHints":{"allow":["GET"]}}],"collection":[{"href":"https:\/\/macellule.fr\/index.php\/wp-json\/wp\/v2\/pages"}],"about":[{"href":"https:\/\/macellule.fr\/index.php\/wp-json\/wp\/v2\/types\/page"}],"author":[{"embeddable":true,"href":"https:\/\/macellule.fr\/index.php\/wp-json\/wp\/v2\/users\/1"}],"replies":[{"embeddable":true,"href":"https:\/\/macellule.fr\/index.php\/wp-json\/wp\/v2\/comments?post=86"}],"version-history":[{"count":62,"href":"https:\/\/macellule.fr\/index.php\/wp-json\/wp\/v2\/pages\/86\/revisions"}],"predecessor-version":[{"id":1510,"href":"https:\/\/macellule.fr\/index.php\/wp-json\/wp\/v2\/pages\/86\/revisions\/1510"}],"wp:attachment":[{"href":"https:\/\/macellule.fr\/index.php\/wp-json\/wp\/v2\/media?parent=86"}],"curies":[{"name":"wp","href":"https:\/\/api.w.org\/{rel}","templated":true}]}}