{"id":84,"date":"2025-12-14T10:49:13","date_gmt":"2025-12-14T10:49:13","guid":{"rendered":"https:\/\/macellule.fr\/?page_id=84"},"modified":"2026-02-23T13:04:22","modified_gmt":"2026-02-23T13:04:22","slug":"reparation-de-cellule","status":"publish","type":"page","link":"https:\/\/macellule.fr\/index.php\/reparation-de-cellule\/","title":{"rendered":"R\u00e9paration de cellule"},"content":{"rendered":"\n<ul class=\"wp-block-list\"><\/ul>\n\n\n\n<h1 class=\"wp-block-heading has-text-align-center\" style=\"border-top-style:none;border-top-width:0px;margin-top:0;margin-right:0;margin-bottom:0;margin-left:0;padding-top:20px;padding-right:0;padding-bottom:0px;padding-left:0;font-size:28px\">Votre cellule d\u2019\u00e9lectrolyseur est en panne ?<br>Diagnostic rapide &amp; devis clair sous 24h.<\/h1>\n\n\n\n<p class=\"has-text-align-center\">\u26a1 R\u00e9ponse sous 24h \u2013 Analyse technique personnalis\u00e9e<\/p>\n\n\n\n<p class=\"has-text-align-center\">Plus de chlore ? Voyant d\u00e9faut ? Cellule HS ?<br>Nous r\u00e9parons votre cellule au lieu de la remplacer quand c\u2019est possible.<\/p>\n\n\n\n<div class=\"wp-block-buttons is-content-justification-center is-layout-flex wp-container-core-buttons-is-layout-a89b3969 wp-block-buttons-is-layout-flex\">\n<div class=\"wp-block-button\"><a class=\"wp-block-button__link has-text-align-right wp-element-button\" href=\"https:\/\/macellule.fr\/index.php\/diagnostic-devis\/\">Lancer mon diagnostic gratuit<\/a><\/div>\n<\/div>\n\n\n\n<p class=\"has-text-align-center\"><em><strong>\ud83d\udcde Assistance imm\u00e9diate<\/strong><\/em> : <em><strong> <\/strong><\/em><a href=\"tel:+33658559255\">06 58 55 92 55<\/a><\/p>\n\n\n\n<p class=\"has-text-align-center\">\u2b50\u2b50\u2b50\u2b50\u2b50 4,9\/5 sur 150 clients<br>\u201cPlus de 150 cellules d\u00e9j\u00e0 r\u00e9par\u00e9es en France\u201d<\/p>\n\n\n\n<div class=\"wp-block-columns are-vertically-aligned-center has-background is-layout-flex wp-container-core-columns-is-layout-d6c03dd8 wp-block-columns-is-layout-flex\" style=\"border-top-left-radius:100px;border-top-right-radius:100px;border-bottom-left-radius:100px;border-bottom-right-radius:100px;background-color:#e9e9e9;margin-top:0;margin-bottom:0px;padding-top:var(--wp--preset--spacing--30);padding-bottom:var(--wp--preset--spacing--30)\">\n<div class=\"wp-block-column is-vertically-aligned-center is-layout-flow wp-block-column-is-layout-flow\" style=\"padding-top:0;padding-bottom:0\">\n<h3 class=\"wp-block-heading has-text-align-center\" style=\"font-size:18px\"><strong><strong><strong>\u2714<\/strong><\/strong><\/strong> <strong><strong>Diagnostic <\/strong><\/strong>avant r\u00e9paration<\/h3>\n<\/div>\n\n\n\n<div class=\"wp-block-column is-vertically-aligned-center is-layout-flow wp-block-column-is-layout-flow\" style=\"padding-top:0;padding-bottom:0\">\n<h3 class=\"wp-block-heading has-text-align-center\" style=\"font-size:18px\"><strong><strong><strong><strong>\u2714<\/strong><\/strong><\/strong><\/strong> <strong>\u00c9conomie 40\u201360 %<\/strong><\/h3>\n<\/div>\n\n\n\n<div class=\"wp-block-column is-vertically-aligned-center is-layout-flow wp-block-column-is-layout-flow\" style=\"padding-top:0;padding-bottom:0\">\n<h3 class=\"wp-block-heading has-text-align-center\" style=\"font-size:18px\"><strong><strong><strong>\u2714<\/strong><\/strong><\/strong> <strong>Garantie 12 mois<\/strong><\/h3>\n<\/div>\n<\/div>\n\n\n\n<h2 class=\"wp-block-heading\" style=\"padding-top:50px;font-size:28px\">70 % des cas r\u00e9parables<\/h2>\n\n\n\n<p><strong>\u00c9vitez une d\u00e9pense inutile de plusieurs centaines d\u2019euros.<\/strong><br>\ud83d\udc49 Dans 70 % des cas, la cellule peut \u00eatre r\u00e9par\u00e9e.<\/p>\n\n\n\n<h2 class=\"wp-block-heading\" style=\"padding-top:50px;font-size:28px\">Votre \u00e9lectrolyseur ne produit plus assez de chlore ?<\/h2>\n\n\n\n<ul class=\"wp-block-list\">\n<li>Plus ou tr\u00e8s peu de chlore<\/li>\n\n\n\n<li>Voyant rouge ou message d\u00e9faut<\/li>\n\n\n\n<li>Cellule entartr\u00e9e ou us\u00e9e<\/li>\n\n\n\n<li>Appareil fonctionne mais inefficacee<\/li>\n<\/ul>\n\n\n\n<h2 class=\"wp-block-heading\" style=\"padding-top:50px;font-size:28px\">Comment \u00e7a fonctionne ?<\/h2>\n\n\n\n<p>1\ufe0f\u20e3 Vous remplissez le formulaire de diagnostic<br>2\ufe0f\u20e3 Nous analysons votre situation<br>3\ufe0f\u20e3 Nous vous proposons r\u00e9paration ou remplacement<br>4\ufe0f\u20e3 Vous d\u00e9cidez \u2014 sans engagement<\/p>\n\n\n\n<h2 class=\"wp-block-heading\" style=\"padding-top:50px;font-size:28px\">Pourquoi r\u00e9parer plut\u00f4t que remplacer ?<\/h2>\n\n\n\n<div class=\"wp-block-columns is-layout-flex wp-container-core-columns-is-layout-907fc487 wp-block-columns-is-layout-flex\" style=\"padding-top:var(--wp--preset--spacing--30);padding-bottom:var(--wp--preset--spacing--30)\">\n<div class=\"wp-block-column is-vertically-aligned-center is-layout-flow wp-block-column-is-layout-flow\">\n<ul class=\"wp-block-list\">\n<li>\ud83d\udcb0 \u00c9conomie importante<\/li>\n\n\n\n<li>\ud83c\udf31 D\u00e9marche \u00e9cologique<\/li>\n\n\n\n<li>\ud83d\udd0d Diagnostic technique s\u00e9rieux<\/li>\n\n\n\n<li>\ud83d\udeab Aucun remplacement inutile<\/li>\n<\/ul>\n\n\n\n<div class=\"wp-block-buttons is-content-justification-left is-layout-flex wp-container-core-buttons-is-layout-4b0214de wp-block-buttons-is-layout-flex\" style=\"padding-top:var(--wp--preset--spacing--60);padding-bottom:var(--wp--preset--spacing--60)\">\n<div class=\"wp-block-button\"><a class=\"wp-block-button__link has-text-align-right wp-element-button\" href=\"https:\/\/macellule.fr\/index.php\/diagnostic-devis\/\"><strong>Acc\u00e9der au diagnostic &amp; devis<\/strong><\/a><\/div>\n<\/div>\n<\/div>\n\n\n\n<div class=\"wp-block-column is-layout-flow wp-block-column-is-layout-flow\">\n<figure class=\"wp-block-image size-large\"><img loading=\"lazy\" decoding=\"async\" width=\"1024\" height=\"683\" src=\"https:\/\/macellule.fr\/wp-content\/uploads\/2026\/02\/Atelier-1024x683.png\" alt=\"\" class=\"wp-image-1134\" srcset=\"https:\/\/macellule.fr\/wp-content\/uploads\/2026\/02\/Atelier-1024x683.png 1024w, https:\/\/macellule.fr\/wp-content\/uploads\/2026\/02\/Atelier-300x200.png 300w, https:\/\/macellule.fr\/wp-content\/uploads\/2026\/02\/Atelier-768x512.png 768w, https:\/\/macellule.fr\/wp-content\/uploads\/2026\/02\/Atelier-600x400.png 600w, https:\/\/macellule.fr\/wp-content\/uploads\/2026\/02\/Atelier.png 1536w\" sizes=\"auto, (max-width: 1024px) 100vw, 1024px\" \/><\/figure>\n<\/div>\n<\/div>\n\n\n\n<h2 class=\"wp-block-heading has-text-align-left\" style=\"padding-top:50px;font-size:28px\">Nous r\u00e9parons les principales marques :<\/h2>\n\n\n\n<div class=\"wp-block-columns is-layout-flex wp-container-core-columns-is-layout-ef350914 wp-block-columns-is-layout-flex\" style=\"padding-top:var(--wp--preset--spacing--30);padding-bottom:var(--wp--preset--spacing--30)\">\n<div class=\"wp-block-column is-layout-flow wp-block-column-is-layout-flow\">\n<ul class=\"wp-block-list\">\n<li>BIO-POOL\u00ae<\/li>\n\n\n\n<li>COMPUCHLOR \u00ae<\/li>\n\n\n\n<li>JUSTCHLOR\u00ae<\/li>\n\n\n\n<li>MONARCH \u00ae<\/li>\n<\/ul>\n<\/div>\n\n\n\n<div class=\"wp-block-column is-layout-flow wp-block-column-is-layout-flow\">\n<ul class=\"wp-block-list\">\n<li>POOL TECHNOLOGIE\u00ae<\/li>\n\n\n\n<li>PACIFIC SEL\u00ae<\/li>\n\n\n\n<li>PARAMOUNT\u00ae<\/li>\n\n\n\n<li>POOLMAID\u00ae<\/li>\n<\/ul>\n<\/div>\n\n\n\n<div class=\"wp-block-column is-layout-flow wp-block-column-is-layout-flow\">\n<ul class=\"wp-block-list\">\n<li>REGUL ELECTRONIQUE \u00ae<\/li>\n\n\n\n<li>STERILOR\u00ae<\/li>\n\n\n\n<li>SYSTEM7\u00ae<\/li>\n\n\n\n<li>ZODIAC\u00ae<\/li>\n<\/ul>\n<\/div>\n<\/div>\n\n\n\n<p class=\"has-text-align-left\">Si votre marque n\u2019appara\u00eet pas, contactez-nous.<\/p>\n\n\n\n<ul class=\"wp-block-list\"><\/ul>\n\n\n\n<h2 class=\"wp-block-heading has-text-align-left\" style=\"padding-top:50px;font-size:28px\">FAQ<\/h2>\n\n\n\n<div class=\"wp-block-columns is-layout-flex wp-container-core-columns-is-layout-ec2e7a44 wp-block-columns-is-layout-flex\" style=\"padding-top:0;padding-bottom:0\">\n<div class=\"wp-block-column is-layout-flow wp-block-column-is-layout-flow\">\n<p><strong>Combien co\u00fbte la r\u00e9paration ?<\/strong><br>\u2192 R\u00e9ponse claire : devis apr\u00e8s diagnostic.<\/p>\n\n\n\n<p><strong>Dois-je envoyer ma cellule avant d\u2019avoir un devis ?<\/strong><br>\u2192 Non, analyse pr\u00e9alable gratuite.<\/p>\n<\/div>\n\n\n\n<div class=\"wp-block-column is-layout-flow wp-block-column-is-layout-flow\" style=\"padding-top:0;padding-bottom:0\">\n<p><strong>Quel est le d\u00e9lai ?<\/strong><br>\u2192 2-3 jours si les plaques sont en stock<br>\u2192 3-4 semaines pour une fabrication sur mesure<\/p>\n\n\n\n<p><strong>La r\u00e9paration est-elle garantie ?<\/strong><br>\u2192 Oui, 12 mois.<\/p>\n<\/div>\n<\/div>\n\n\n\n<h2 class=\"wp-block-heading has-text-align-center\" style=\"padding-top:50px;font-size:28px\">\u00c9vitez un remplacement inutile.<\/h2>\n\n\n\n<div class=\"wp-block-buttons is-content-justification-center is-layout-flex wp-container-core-buttons-is-layout-a89b3969 wp-block-buttons-is-layout-flex\">\n<div class=\"wp-block-button\"><a class=\"wp-block-button__link has-text-align-right wp-element-button\" href=\"https:\/\/macellule.fr\/index.php\/diagnostic-devis\/\"><strong>Obtenir mon diagnostic<\/strong><\/a><\/div>\n<\/div>\n\n\n\n<p><\/p>\n","protected":false},"excerpt":{"rendered":"<p>Votre cellule d\u2019\u00e9lectrolyseur est en panne ?Diagnostic rapide &amp; devis clair sous 24h. \u26a1 R\u00e9ponse sous 24h \u2013 Analyse technique [&hellip;]<\/p>\n","protected":false},"author":1,"featured_media":0,"parent":0,"menu_order":0,"comment_status":"closed","ping_status":"closed","template":"","meta":{"site-sidebar-layout":"default","site-content-layout":"","ast-site-content-layout":"default","site-content-style":"default","site-sidebar-style":"default","ast-global-header-display":"","ast-banner-title-visibility":"","ast-main-header-display":"","ast-hfb-above-header-display":"","ast-hfb-below-header-display":"","ast-hfb-mobile-header-display":"","site-post-title":"disabled","ast-breadcrumbs-content":"","ast-featured-img":"","footer-sml-layout":"","ast-disable-related-posts":"","theme-transparent-header-meta":"","adv-header-id-meta":"","stick-header-meta":"","header-above-stick-meta":"","header-main-stick-meta":"","header-below-stick-meta":"","astra-migrate-meta-layouts":"default","ast-page-background-enabled":"default","ast-page-background-meta":{"desktop":{"background-color":"var(--ast-global-color-5)","background-image":"","background-repeat":"repeat","background-position":"center center","background-size":"auto","background-attachment":"scroll","background-type":"","background-media":"","overlay-type":"","overlay-color":"","overlay-opacity":"","overlay-gradient":""},"tablet":{"background-color":"","background-image":"","background-repeat":"repeat","background-position":"center center","background-size":"auto","background-attachment":"scroll","background-type":"","background-media":"","overlay-type":"","overlay-color":"","overlay-opacity":"","overlay-gradient":""},"mobile":{"background-color":"","background-image":"","background-repeat":"repeat","background-position":"center center","background-size":"auto","background-attachment":"scroll","background-type":"","background-media":"","overlay-type":"","overlay-color":"","overlay-opacity":"","overlay-gradient":""}},"ast-content-background-meta":{"desktop":{"background-color":"var(--ast-global-color-4)","background-image":"","background-repeat":"repeat","background-position":"center center","background-size":"auto","background-attachment":"scroll","background-type":"","background-media":"","overlay-type":"","overlay-color":"","overlay-opacity":"","overlay-gradient":""},"tablet":{"background-color":"var(--ast-global-color-4)","background-image":"","background-repeat":"repeat","background-position":"center center","background-size":"auto","background-attachment":"scroll","background-type":"","background-media":"","overlay-type":"","overlay-color":"","overlay-opacity":"","overlay-gradient":""},"mobile":{"background-color":"var(--ast-global-color-4)","background-image":"","background-repeat":"repeat","background-position":"center center","background-size":"auto","background-attachment":"scroll","background-type":"","background-media":"","overlay-type":"","overlay-color":"","overlay-opacity":"","overlay-gradient":""}},"footnotes":""},"class_list":["post-84","page","type-page","status-publish","hentry"],"_links":{"self":[{"href":"https:\/\/macellule.fr\/index.php\/wp-json\/wp\/v2\/pages\/84","targetHints":{"allow":["GET"]}}],"collection":[{"href":"https:\/\/macellule.fr\/index.php\/wp-json\/wp\/v2\/pages"}],"about":[{"href":"https:\/\/macellule.fr\/index.php\/wp-json\/wp\/v2\/types\/page"}],"author":[{"embeddable":true,"href":"https:\/\/macellule.fr\/index.php\/wp-json\/wp\/v2\/users\/1"}],"replies":[{"embeddable":true,"href":"https:\/\/macellule.fr\/index.php\/wp-json\/wp\/v2\/comments?post=84"}],"version-history":[{"count":67,"href":"https:\/\/macellule.fr\/index.php\/wp-json\/wp\/v2\/pages\/84\/revisions"}],"predecessor-version":[{"id":1536,"href":"https:\/\/macellule.fr\/index.php\/wp-json\/wp\/v2\/pages\/84\/revisions\/1536"}],"wp:attachment":[{"href":"https:\/\/macellule.fr\/index.php\/wp-json\/wp\/v2\/media?parent=84"}],"curies":[{"name":"wp","href":"https:\/\/api.w.org\/{rel}","templated":true}]}}